{"id":128,"date":"2025-12-15T23:26:38","date_gmt":"2025-12-15T23:26:38","guid":{"rendered":"https:\/\/proces.theresaeggersen.dk\/?page_id=128"},"modified":"2025-12-15T23:26:38","modified_gmt":"2025-12-15T23:26:38","slug":"projekt-2","status":"publish","type":"page","link":"https:\/\/proces.theresaeggersen.dk\/index.php\/projekt-2\/","title":{"rendered":"Projekt 2"},"content":{"rendered":"\n<div class=\"wp-block-group alignfull has-background has-global-padding is-layout-constrained wp-container-core-group-is-layout-14b7e069 wp-block-group-is-layout-constrained\" style=\"background-color:#c8dcbe;padding-top:var(--wp--preset--spacing--50);padding-right:var(--wp--preset--spacing--50);padding-bottom:var(--wp--preset--spacing--50);padding-left:var(--wp--preset--spacing--50)\">\n<div class=\"wp-block-group has-global-padding is-layout-constrained wp-container-core-group-is-layout-650790e1 wp-block-group-is-layout-constrained\">\n<h1 class=\"wp-block-heading has-text-align-center is-style-default\" style=\"font-size:clamp(1.403rem, 1.403rem + ((1vw - 0.2rem) * 1.495), 2.3rem);\">Word festival &#8211; Installations projekt<\/h1>\n\n\n\n<div style=\"height:1.25rem\" aria-hidden=\"true\" class=\"wp-block-spacer\"><\/div>\n\n\n\n<p class=\"has-text-align-center\">I projekt to skulle vi v\u00e6lge en case som organisationen Word festival havde forberedt til os. ud fra den case vi valgte skulle vi finde en l\u00f8sning til den fremvalgte problemstilling i casen. <\/p>\n<\/div>\n\n\n\n<p class=\"has-text-align-center\">Jeg var i gruppe med Esben, Carl-Emil og Benjamin \ud83d\ude42<\/p>\n\n\n\n<div style=\"height:38px\" aria-hidden=\"true\" class=\"wp-block-spacer\"><\/div>\n\n\n\n<figure class=\"wp-block-image alignwide size-full is-style-default\"><img loading=\"lazy\" decoding=\"async\" width=\"802\" height=\"522\" src=\"https:\/\/proces.theresaeggersen.dk\/wp-content\/uploads\/2025\/12\/hjemmeside.png\" alt=\"\" class=\"wp-image-140\" srcset=\"https:\/\/proces.theresaeggersen.dk\/wp-content\/uploads\/2025\/12\/hjemmeside.png 802w, https:\/\/proces.theresaeggersen.dk\/wp-content\/uploads\/2025\/12\/hjemmeside-300x195.png 300w, https:\/\/proces.theresaeggersen.dk\/wp-content\/uploads\/2025\/12\/hjemmeside-768x500.png 768w\" sizes=\"auto, (max-width: 802px) 100vw, 802px\" \/><\/figure>\n<\/div>\n\n\n\n<div class=\"wp-block-group alignfull has-accent-4-background-color has-background has-global-padding is-layout-constrained wp-container-core-group-is-layout-669513ed wp-block-group-is-layout-constrained\" style=\"margin-top:0;margin-bottom:0;padding-top:var(--wp--preset--spacing--50);padding-right:var(--wp--preset--spacing--50);padding-bottom:var(--wp--preset--spacing--50);padding-left:var(--wp--preset--spacing--50)\">\n<div class=\"wp-block-group is-vertical is-content-justification-center is-layout-flex wp-container-core-group-is-layout-52b864f0 wp-block-group-is-layout-flex\">\n<p class=\"has-text-align-center has-large-font-size\">Timeline for processen<\/p>\n\n\n\n<div style=\"height:0px\" aria-hidden=\"true\" class=\"wp-block-spacer wp-container-content-4f2ccadb\"><\/div>\n\n\n\n<p class=\"has-text-align-center\">Den case vi valgte case 1, hvilken omhandlede noget vejvisning til de personer som skulle kunne finde rundt i Odense hvor Word festival finder sted. Vi havde et par ideer med endte med at lave en app og side p\u00e5 deres hjemmeside hvor folk kunne bruge et kort og finde rundt.<\/p>\n<\/div>\n\n\n\n<div style=\"margin-top:0;margin-bottom:0;height:var(--wp--preset--spacing--40)\" aria-hidden=\"true\" class=\"wp-block-spacer\"><\/div>\n\n\n\n<div class=\"wp-block-columns alignwide is-layout-flex wp-container-core-columns-is-layout-d0bbbce0 wp-block-columns-is-layout-flex\">\n<div class=\"wp-block-column is-layout-flow wp-container-core-column-is-layout-e3d1c41b wp-block-column-is-layout-flow\">\n<p class=\"has-text-align-left\"><strong>Starten<\/strong><\/p>\n\n\n\n<p class=\"has-text-align-left\">I starten af dette projekt var vi alle ret sp\u00e6ndte, vi m\u00e5tte selv v\u00e6lge grupper og selv v\u00e6lge case. <\/p>\n\n\n\n<p>S\u00e5 starten var god, vi hyggede os med at snakke og komme med ideer til opgaven.<\/p>\n<\/div>\n\n\n\n<div class=\"wp-block-column is-layout-flow wp-container-core-column-is-layout-e3d1c41b wp-block-column-is-layout-flow\">\n<p class=\"has-text-align-left\"><strong>Ideer\/brainstorming<\/strong><\/p>\n\n\n\n<p class=\"has-text-align-left\">Det var her vi rigtig gik i gang med at overveje hvad vi enligt vil lave. <\/p>\n\n\n\n<p class=\"has-text-align-left\">Vi kom frem til 3 ideer:<\/p>\n\n\n\n<ol class=\"wp-block-list\">\n<li>Flyer<\/li>\n\n\n\n<li>Tablet<\/li>\n\n\n\n<li>Fysisk kort<\/li>\n<\/ol>\n\n\n\n<p>Ud af de tre lavede vi en hel fjerde version af det produkt vi vil lave.<\/p>\n<\/div>\n\n\n\n<div class=\"wp-block-column is-layout-flow wp-container-core-column-is-layout-e3d1c41b wp-block-column-is-layout-flow\">\n<p class=\"has-text-align-left\"><strong>Valget<\/strong><\/p>\n\n\n\n<p class=\"has-text-align-left\">Vi valgte at lave en app og en side p\u00e5 Word festivals hjemmeside. <\/p>\n\n\n\n<p>Hvorp\u00e5 at folk kunne bruge et kort hvor alle scener var p\u00e5 kortet og hvor man derefter kunne se alle de udgivere, forfattere osv som ville v\u00e6re der. <\/p>\n\n\n\n<p>Tid, sted, hvor meget plads der er p\u00e5 stedet og derefter et vurderings system. Her kan man give feedback til de forskellige forestillinger. <\/p>\n<\/div>\n<\/div>\n\n\n\n<div style=\"height:var(--wp--preset--spacing--20)\" aria-hidden=\"true\" class=\"wp-block-spacer\"><\/div>\n\n\n\n<div class=\"wp-block-columns alignwide is-layout-flex wp-container-core-columns-is-layout-d0bbbce0 wp-block-columns-is-layout-flex\">\n<div class=\"wp-block-column is-layout-flow wp-container-core-column-is-layout-e3d1c41b wp-block-column-is-layout-flow\">\n<p class=\"has-text-align-left\"><strong>Udviklingen\/prototyper<\/strong><\/p>\n\n\n\n<p class=\"has-text-align-left\">Vi lavede b\u00e5de high og lo-fi prototyper til b\u00e5de app og side.<\/p>\n\n\n\n<p>Da vi ville v\u00e6re sikre p\u00e5 at det hele s\u00e5 godt ud og var nemt at bruge. <\/p>\n\n\n\n<p>Carl-Emil var en haj til at spille en st\u00f8rre rolle i at s\u00e6tte det op og f\u00e5r det hele til at virke. <\/p>\n<\/div>\n\n\n\n<div class=\"wp-block-column is-layout-flow wp-container-core-column-is-layout-e3d1c41b wp-block-column-is-layout-flow\">\n<p class=\"has-text-align-left\"><strong>Plakat og flyer<\/strong><\/p>\n\n\n\n<p class=\"has-text-align-left\">Ud over at vi skulle lave et produkt og klient rapport, skulle vi ogs\u00e5 lave en flyer og plakat. Da projektet var et udstillings projekt og vores klient fra Word festival vil komme ud at kigge. <\/p>\n\n\n\n<p>Vi fik lavede b\u00e5de en plakat og en flyer, kunne det have blevet lavet bedre end det blev, ja, det kunne det nok godt. Men det okay, vi var tilfredse til sidst og klienten var tilfreds. <\/p>\n<\/div>\n\n\n\n<div class=\"wp-block-column is-layout-flow wp-container-core-column-is-layout-e3d1c41b wp-block-column-is-layout-flow\">\n<p class=\"has-text-align-left\"><strong>Udstillingen<\/strong><\/p>\n\n\n\n<p class=\"has-text-align-left\">Udstillingen gik godt, vi fik noget godt feedback fra klienten og han synes vores ide var meget god. <\/p>\n\n\n\n<p>Vi fik kigget p\u00e5 mange af de andres ideer og jeg synes enligt det var meget hyggeligt og en god m\u00e5de at freml\u00e6gge p\u00e5 da der var mange som kom forbi for at kigge p\u00e5 alle de forskellige udstillinger og produkter. <\/p>\n<\/div>\n<\/div>\n<\/div>\n\n\n\n<div class=\"wp-block-group alignfull has-background has-global-padding is-layout-constrained wp-container-core-group-is-layout-d89aad35 wp-block-group-is-layout-constrained\" style=\"background-color:#c8dcbe;margin-top:0;margin-bottom:0;padding-top:var(--wp--preset--spacing--50);padding-right:var(--wp--preset--spacing--50);padding-bottom:var(--wp--preset--spacing--50);padding-left:var(--wp--preset--spacing--50)\">\n<div class=\"wp-block-group alignwide has-global-padding is-layout-constrained wp-container-core-group-is-layout-19e250f3 wp-block-group-is-layout-constrained\">\n<div class=\"wp-block-group is-vertical is-content-justification-center is-layout-flex wp-container-core-group-is-layout-6329a8f3 wp-block-group-is-layout-flex\">\n<h2 class=\"wp-block-heading has-text-align-center is-style-default\">Refleksion<\/h2>\n\n\n\n<p class=\"has-text-align-center\">Jeg synes overordnet at det var e godt projekt, vi arbejdede godt sammen og alle fik lavet noget, jeg synes det vi kom frem til af produkt var en god ide og mulig at udf\u00f8rer for klienten<\/p>\n<\/div>\n\n\n\n<div style=\"height:var(--wp--preset--spacing--40)\" aria-hidden=\"true\" class=\"wp-block-spacer\"><\/div>\n\n\n\n<div class=\"wp-block-columns alignwide are-vertically-aligned-top is-layout-flex wp-container-core-columns-is-layout-2edd09bc wp-block-columns-is-layout-flex\" style=\"margin-top:0;margin-bottom:0;padding-top:0;padding-right:var(--wp--preset--spacing--60);padding-bottom:0;padding-left:var(--wp--preset--spacing--60)\">\n<div class=\"wp-block-column is-vertically-aligned-top is-layout-flow wp-block-column-is-layout-flow\" style=\"flex-basis:50%\">\n<p>Det eneste jeg enligt synes der kunne have v\u00e6ret gjort bedre var plakat og flyer.<\/p>\n\n\n\n<p>men de gik not mest ud p\u00e5 at vi ikke havde s\u00e6rlig meget tid til at lave dette projekt. <\/p>\n\n\n\n<p>men alligevel kom vi frem til noget som vi alle var stolte af og noget som vores klient var tilfreds med. <\/p>\n<\/div>\n\n\n\n<div class=\"wp-block-column is-layout-flow wp-block-column-is-layout-flow\" style=\"flex-basis:50%\">\n<figure class=\"wp-block-image size-full is-resized\"><img loading=\"lazy\" decoding=\"async\" width=\"261\" height=\"575\" src=\"https:\/\/proces.theresaeggersen.dk\/wp-content\/uploads\/2025\/12\/app.png\" alt=\"\" class=\"wp-image-141\" style=\"width:245px;height:auto\" srcset=\"https:\/\/proces.theresaeggersen.dk\/wp-content\/uploads\/2025\/12\/app.png 261w, https:\/\/proces.theresaeggersen.dk\/wp-content\/uploads\/2025\/12\/app-136x300.png 136w\" sizes=\"auto, (max-width: 261px) 100vw, 261px\" \/><\/figure>\n<\/div>\n<\/div>\n\n\n\n<div style=\"height:63px\" aria-hidden=\"true\" class=\"wp-block-spacer\"><\/div>\n\n\n\n<hr class=\"wp-block-separator alignwide has-alpha-channel-opacity\"\/>\n<\/div>\n\n\n\n<div class=\"wp-block-columns is-layout-flex wp-container-core-columns-is-layout-28f84493 wp-block-columns-is-layout-flex\">\n<div class=\"wp-block-column is-layout-flow wp-block-column-is-layout-flow\" style=\"flex-basis:50%\"><\/div>\n\n\n\n<div class=\"wp-block-column is-layout-flow wp-block-column-is-layout-flow\" style=\"flex-basis:50%\"><\/div>\n<\/div>\n<\/div>\n","protected":false},"excerpt":{"rendered":"<p>Word festival &#8211; Installations projekt I projekt to skulle vi v\u00e6lge en case som organisationen Word festival havde forberedt til os. ud fra den case vi valgte skulle vi finde en l\u00f8sning til den fremvalgte problemstilling i casen. Jeg var i gruppe med Esben, Carl-Emil og Benjamin \ud83d\ude42 Timeline for processen Den case vi valgte [&hellip;]<\/p>\n","protected":false},"author":1,"featured_media":0,"parent":0,"menu_order":0,"comment_status":"closed","ping_status":"closed","template":"","meta":{"footnotes":""},"class_list":["post-128","page","type-page","status-publish","hentry"],"_links":{"self":[{"href":"https:\/\/proces.theresaeggersen.dk\/index.php\/wp-json\/wp\/v2\/pages\/128","targetHints":{"allow":["GET"]}}],"collection":[{"href":"https:\/\/proces.theresaeggersen.dk\/index.php\/wp-json\/wp\/v2\/pages"}],"about":[{"href":"https:\/\/proces.theresaeggersen.dk\/index.php\/wp-json\/wp\/v2\/types\/page"}],"author":[{"embeddable":true,"href":"https:\/\/proces.theresaeggersen.dk\/index.php\/wp-json\/wp\/v2\/users\/1"}],"replies":[{"embeddable":true,"href":"https:\/\/proces.theresaeggersen.dk\/index.php\/wp-json\/wp\/v2\/comments?post=128"}],"version-history":[{"count":3,"href":"https:\/\/proces.theresaeggersen.dk\/index.php\/wp-json\/wp\/v2\/pages\/128\/revisions"}],"predecessor-version":[{"id":145,"href":"https:\/\/proces.theresaeggersen.dk\/index.php\/wp-json\/wp\/v2\/pages\/128\/revisions\/145"}],"wp:attachment":[{"href":"https:\/\/proces.theresaeggersen.dk\/index.php\/wp-json\/wp\/v2\/media?parent=128"}],"curies":[{"name":"wp","href":"https:\/\/api.w.org\/{rel}","templated":true}]}}