{"id":19,"date":"2025-12-16T01:49:41","date_gmt":"2025-12-16T01:49:41","guid":{"rendered":"https:\/\/proces.theresaeggersen.dk\/?page_id=19"},"modified":"2025-12-16T01:49:41","modified_gmt":"2025-12-16T01:49:41","slug":"studiemakker-paa-tvaers","status":"publish","type":"page","link":"https:\/\/proces.theresaeggersen.dk\/index.php\/studiemakker-paa-tvaers\/","title":{"rendered":"Studiemakker p\u00e5 tv\u00e6rs"},"content":{"rendered":"\n<p>Studiemakker p\u00e5 tv\u00e6rs er et form for support system til at hj\u00e6lpe os fra 1 semester, det er vigtigt p\u00e5 vores studie at altid have nogen i n\u00e6rheden til at kunne sp\u00f8rger om vejledning eller feedback.<\/p>\n\n\n\n<p>Til starten med var det lidt nervepirrende at skulle v\u00e6re sammen med nogle \u00e6ldre studerende fra 3 semester, men jeg synes at jeg endte op i en god gruppe. <\/p>\n\n\n\n<p>De er alle sammen meget s\u00f8de og var gode til at komme med feedback og svar til sp\u00f8rgsm\u00e5l.<\/p>\n\n\n\n<figure class=\"wp-block-image size-large has-custom-border is-style-default\"><img loading=\"lazy\" decoding=\"async\" width=\"2048\" height=\"1152\" src=\"https:\/\/proces.theresaeggersen.dk\/wp-content\/uploads\/2025\/12\/c2ee69e5-317a-45e7-a6ce-f5595e810ace-1-edited.jpg\" alt=\"\" class=\"has-border-color has-accent-2-border-color wp-image-159\" style=\"border-width:3px;border-top-left-radius:22px;border-top-right-radius:22px;border-bottom-left-radius:22px;border-bottom-right-radius:22px\" srcset=\"https:\/\/proces.theresaeggersen.dk\/wp-content\/uploads\/2025\/12\/c2ee69e5-317a-45e7-a6ce-f5595e810ace-1-edited.jpg 2048w, https:\/\/proces.theresaeggersen.dk\/wp-content\/uploads\/2025\/12\/c2ee69e5-317a-45e7-a6ce-f5595e810ace-1-edited-300x169.jpg 300w, https:\/\/proces.theresaeggersen.dk\/wp-content\/uploads\/2025\/12\/c2ee69e5-317a-45e7-a6ce-f5595e810ace-1-edited-1024x576.jpg 1024w, https:\/\/proces.theresaeggersen.dk\/wp-content\/uploads\/2025\/12\/c2ee69e5-317a-45e7-a6ce-f5595e810ace-1-edited-768x432.jpg 768w, https:\/\/proces.theresaeggersen.dk\/wp-content\/uploads\/2025\/12\/c2ee69e5-317a-45e7-a6ce-f5595e810ace-1-edited-1536x864.jpg 1536w\" sizes=\"auto, (max-width: 2048px) 100vw, 2048px\" \/><\/figure>\n\n\n\n<p class=\"has-accent-background-color has-background\">Vi havde det rigtigt hyggelidt med dem, og spillede pool med dem en dag, det var meget sjovt og et godt minde at have med sig \ud83d\ude42<\/p>\n\n\n\n<figure class=\"wp-block-gallery has-nested-images columns-default is-cropped wp-block-gallery-1 is-layout-flex wp-block-gallery-is-layout-flex\">\n<figure class=\"wp-block-image size-large has-custom-border\"><img loading=\"lazy\" decoding=\"async\" width=\"2048\" height=\"1152\" data-id=\"154\" src=\"https:\/\/proces.theresaeggersen.dk\/wp-content\/uploads\/2025\/12\/4ce7de11-8674-417d-b3b8-9cf901486dad-edited.jpg\" alt=\"\" class=\"has-border-color has-accent-2-border-color wp-image-154\" style=\"border-width:3px;border-top-left-radius:22px;border-top-right-radius:22px;border-bottom-left-radius:22px;border-bottom-right-radius:22px\" srcset=\"https:\/\/proces.theresaeggersen.dk\/wp-content\/uploads\/2025\/12\/4ce7de11-8674-417d-b3b8-9cf901486dad-edited.jpg 2048w, https:\/\/proces.theresaeggersen.dk\/wp-content\/uploads\/2025\/12\/4ce7de11-8674-417d-b3b8-9cf901486dad-edited-300x169.jpg 300w, https:\/\/proces.theresaeggersen.dk\/wp-content\/uploads\/2025\/12\/4ce7de11-8674-417d-b3b8-9cf901486dad-edited-1024x576.jpg 1024w, https:\/\/proces.theresaeggersen.dk\/wp-content\/uploads\/2025\/12\/4ce7de11-8674-417d-b3b8-9cf901486dad-edited-768x432.jpg 768w, https:\/\/proces.theresaeggersen.dk\/wp-content\/uploads\/2025\/12\/4ce7de11-8674-417d-b3b8-9cf901486dad-edited-1536x864.jpg 1536w\" sizes=\"auto, (max-width: 2048px) 100vw, 2048px\" \/><\/figure>\n<\/figure>\n\n\n\n<figure class=\"wp-block-image size-large has-custom-border\"><img loading=\"lazy\" decoding=\"async\" width=\"2048\" height=\"1152\" src=\"https:\/\/proces.theresaeggersen.dk\/wp-content\/uploads\/2025\/12\/002ba2fb-05ce-43cc-825e-966ae5f28844-2-edited.jpg\" alt=\"\" class=\"has-border-color has-accent-2-border-color wp-image-156\" style=\"border-width:4px;border-top-left-radius:22px;border-top-right-radius:22px;border-bottom-left-radius:22px;border-bottom-right-radius:22px\" srcset=\"https:\/\/proces.theresaeggersen.dk\/wp-content\/uploads\/2025\/12\/002ba2fb-05ce-43cc-825e-966ae5f28844-2-edited.jpg 2048w, https:\/\/proces.theresaeggersen.dk\/wp-content\/uploads\/2025\/12\/002ba2fb-05ce-43cc-825e-966ae5f28844-2-edited-300x169.jpg 300w, https:\/\/proces.theresaeggersen.dk\/wp-content\/uploads\/2025\/12\/002ba2fb-05ce-43cc-825e-966ae5f28844-2-edited-1024x576.jpg 1024w, https:\/\/proces.theresaeggersen.dk\/wp-content\/uploads\/2025\/12\/002ba2fb-05ce-43cc-825e-966ae5f28844-2-edited-768x432.jpg 768w, https:\/\/proces.theresaeggersen.dk\/wp-content\/uploads\/2025\/12\/002ba2fb-05ce-43cc-825e-966ae5f28844-2-edited-1536x864.jpg 1536w\" sizes=\"auto, (max-width: 2048px) 100vw, 2048px\" \/><\/figure>\n\n\n\n<p>De \u00e6ldre studerende var med fra vores f\u00f8rste projekt der omhandlede at re-designe en hjemmeside. De var s\u00f8de til at komme med forslag og bruge deres egen viden til at hj\u00e6lpe os med de forskellige udfordringer som vi havde og de forskellige sp\u00f8rgsm\u00e5l der poppede op.<\/p>\n\n\n\n<p>Jeg er glad for at jeg har dem p\u00e5 skolen lidt tid endnu, da det giver en form for trykhed at have nogle extra personer man kan knytte sig til.<\/p>\n\n\n\n<figure class=\"wp-block-gallery has-nested-images columns-default is-cropped wp-block-gallery-2 is-layout-flex wp-block-gallery-is-layout-flex\">\n<figure class=\"wp-block-image size-large has-custom-border\" style=\"margin-top:0;margin-bottom:0\"><img loading=\"lazy\" decoding=\"async\" width=\"2048\" height=\"1152\" data-id=\"153\" src=\"https:\/\/proces.theresaeggersen.dk\/wp-content\/uploads\/2025\/12\/99fd2552-e5cf-42dd-befd-e39c244b5742-edited.jpg\" alt=\"\" class=\"has-border-color has-accent-2-border-color wp-image-153\" style=\"border-width:3px;border-top-left-radius:22px;border-top-right-radius:22px;border-bottom-left-radius:22px;border-bottom-right-radius:22px\" srcset=\"https:\/\/proces.theresaeggersen.dk\/wp-content\/uploads\/2025\/12\/99fd2552-e5cf-42dd-befd-e39c244b5742-edited.jpg 2048w, https:\/\/proces.theresaeggersen.dk\/wp-content\/uploads\/2025\/12\/99fd2552-e5cf-42dd-befd-e39c244b5742-edited-300x169.jpg 300w, https:\/\/proces.theresaeggersen.dk\/wp-content\/uploads\/2025\/12\/99fd2552-e5cf-42dd-befd-e39c244b5742-edited-1024x576.jpg 1024w, https:\/\/proces.theresaeggersen.dk\/wp-content\/uploads\/2025\/12\/99fd2552-e5cf-42dd-befd-e39c244b5742-edited-768x432.jpg 768w, https:\/\/proces.theresaeggersen.dk\/wp-content\/uploads\/2025\/12\/99fd2552-e5cf-42dd-befd-e39c244b5742-edited-1536x864.jpg 1536w\" sizes=\"auto, (max-width: 2048px) 100vw, 2048px\" \/><\/figure>\n<\/figure>\n","protected":false},"excerpt":{"rendered":"<p>Studiemakker p\u00e5 tv\u00e6rs er et form for support system til at hj\u00e6lpe os fra 1 semester, det er vigtigt p\u00e5 vores studie at altid have nogen i n\u00e6rheden til at kunne sp\u00f8rger om vejledning eller feedback. Til starten med var det lidt nervepirrende at skulle v\u00e6re sammen med nogle \u00e6ldre studerende fra 3 semester, men [&hellip;]<\/p>\n","protected":false},"author":1,"featured_media":0,"parent":0,"menu_order":0,"comment_status":"closed","ping_status":"closed","template":"","meta":{"footnotes":""},"class_list":["post-19","page","type-page","status-publish","hentry"],"_links":{"self":[{"href":"https:\/\/proces.theresaeggersen.dk\/index.php\/wp-json\/wp\/v2\/pages\/19","targetHints":{"allow":["GET"]}}],"collection":[{"href":"https:\/\/proces.theresaeggersen.dk\/index.php\/wp-json\/wp\/v2\/pages"}],"about":[{"href":"https:\/\/proces.theresaeggersen.dk\/index.php\/wp-json\/wp\/v2\/types\/page"}],"author":[{"embeddable":true,"href":"https:\/\/proces.theresaeggersen.dk\/index.php\/wp-json\/wp\/v2\/users\/1"}],"replies":[{"embeddable":true,"href":"https:\/\/proces.theresaeggersen.dk\/index.php\/wp-json\/wp\/v2\/comments?post=19"}],"version-history":[{"count":1,"href":"https:\/\/proces.theresaeggersen.dk\/index.php\/wp-json\/wp\/v2\/pages\/19\/revisions"}],"predecessor-version":[{"id":160,"href":"https:\/\/proces.theresaeggersen.dk\/index.php\/wp-json\/wp\/v2\/pages\/19\/revisions\/160"}],"wp:attachment":[{"href":"https:\/\/proces.theresaeggersen.dk\/index.php\/wp-json\/wp\/v2\/media?parent=19"}],"curies":[{"name":"wp","href":"https:\/\/api.w.org\/{rel}","templated":true}]}}