{"id":20,"date":"2025-12-15T17:22:03","date_gmt":"2025-12-15T17:22:03","guid":{"rendered":"https:\/\/proces.theresaeggersen.dk\/?page_id=20"},"modified":"2025-12-15T20:33:41","modified_gmt":"2025-12-15T20:33:41","slug":"projekt-1","status":"publish","type":"page","link":"https:\/\/proces.theresaeggersen.dk\/index.php\/projekt-1\/","title":{"rendered":"Projekt 1"},"content":{"rendered":"\n<p class=\"has-text-align-center has-large-font-size\"><strong>Re-design af en hjemmeside<\/strong><\/p>\n\n\n\n<p class=\"has-text-align-center\">I projekt et skulle vi re-designe en hjemmeside.<\/p>\n\n\n\n<p class=\"has-text-align-center\">Min gruppe; Mikkel, Ingrid, Mahmoud og selgf\u00f8lgelig mig. <\/p>\n\n\n\n<p class=\"has-text-align-center\">Vi valgte hjemmesiden LSOK.dk hvilket st\u00e5r for: <\/p>\n\n\n\n<p class=\"has-text-align-center\">Lilleb\u00e6lt Sport og Kultur<\/p>\n\n\n\n<hr class=\"wp-block-separator alignwide has-alpha-channel-opacity is-style-wide\" style=\"margin-top:var(--wp--preset--spacing--20);margin-bottom:var(--wp--preset--spacing--20)\"\/>\n\n\n\n<div class=\"wp-block-group alignfull has-background has-global-padding is-layout-constrained wp-container-core-group-is-layout-669513ed wp-block-group-is-layout-constrained\" style=\"background-color:#c8dcbe;margin-top:0;margin-bottom:0;padding-top:var(--wp--preset--spacing--50);padding-right:var(--wp--preset--spacing--50);padding-bottom:var(--wp--preset--spacing--50);padding-left:var(--wp--preset--spacing--50)\">\n<div class=\"wp-block-group is-vertical is-content-justification-center is-layout-flex wp-container-core-group-is-layout-52b864f0 wp-block-group-is-layout-flex\">\n<p class=\"has-text-align-center\"><strong>Projektets timeline<\/strong><\/p>\n\n\n\n<div style=\"height:0px\" aria-hidden=\"true\" class=\"wp-block-spacer wp-container-content-4f2ccadb\"><\/div>\n\n\n\n<p class=\"has-text-align-center\">Gennem dette projekt oplevede vi af der var meget nyt at l\u00e6rer<\/p>\n\n\n\n<p class=\"has-text-align-center\">Det var f\u00f8rste gang i vores studie af vi skulle arbejde sammen med nogen i l\u00e6ngere tid og reelt komme frem til et resultat som vi skulle freml\u00e6gge. <\/p>\n<\/div>\n\n\n\n<p class=\"has-text-align-center\">Udover det, s\u00e5 valgte vi en hjemmeside som en af vores gruppe makkere allerede arbejdede med. Mikkel arbejder for LSOK, og han var allerede i gang med at organisere et re-design.  <\/p>\n\n\n\n<hr class=\"wp-block-separator alignwide has-alpha-channel-opacity\"\/>\n\n\n\n<div class=\"wp-block-columns alignwide is-layout-flex wp-container-core-columns-is-layout-d0bbbce0 wp-block-columns-is-layout-flex\">\n<div class=\"wp-block-column is-layout-flow wp-container-core-column-is-layout-e3d1c41b wp-block-column-is-layout-flow\">\n<p class=\"has-text-align-left has-medium-font-size\"><strong>Starten<\/strong><\/p>\n\n\n\n<p class=\"has-text-align-left\">I starten af vores projekt blev det meget tydeligt hvem der bestemte i gruppen og hvem der havde styr p\u00e5 hvad. <\/p>\n\n\n\n<p>Vores gruppe var af 4, Mikkel, Ingrid, Mig selv og Mahmoud. <\/p>\n\n\n\n<p>Mikkel var team leder.<\/p>\n<\/div>\n\n\n\n<div class=\"wp-block-column is-layout-flow wp-container-core-column-is-layout-e3d1c41b wp-block-column-is-layout-flow\">\n<p class=\"has-text-align-left\"><strong>Opgaver<\/strong><\/p>\n\n\n\n<p class=\"has-text-align-left\">Opgaverne blev delt ud, men alligevel blev det det meste lavet af Mikkel og Ingrid, da de tit tog teten.<\/p>\n\n\n\n<p>Min opgave var at arbejde med InDesign, noget jeg kun har arbejdet meget lidt med.<\/p>\n<\/div>\n\n\n\n<div class=\"wp-block-column is-layout-flow wp-container-core-column-is-layout-e3d1c41b wp-block-column-is-layout-flow\">\n<p class=\"has-text-align-left\"><strong>InDesign<\/strong><\/p>\n\n\n\n<p class=\"has-text-align-left\">InDesign var forf\u00e6rdeligt at arbejde med, stadig efter projektet er jeg ikke s\u00e6rlig stor fan. Og det hjalp ikke at kommunikationen i gruppen ikke var den bedste. <\/p>\n\n\n\n<p>Men alas det blev til noget og jeg synes det var okay, selv om mit design blev lavet op.<\/p>\n<\/div>\n<\/div>\n\n\n\n<div style=\"height:var(--wp--preset--spacing--20)\" aria-hidden=\"true\" class=\"wp-block-spacer\"><\/div>\n\n\n\n<div class=\"wp-block-columns alignwide is-layout-flex wp-container-core-columns-is-layout-d0bbbce0 wp-block-columns-is-layout-flex\">\n<div class=\"wp-block-column is-layout-flow wp-container-core-column-is-layout-e3d1c41b wp-block-column-is-layout-flow\">\n<p class=\"has-text-align-left\"><strong>Interviews\/brugertest<\/strong><\/p>\n\n\n\n<p class=\"has-text-align-left\">Det var Mikkel og Ingrid som havde &#8220;connections&#8221; i sport verdenen, s\u00e5 det var dem som lavede interviews. <\/p>\n\n\n\n<p>De gjorde det meget godt og vi fik god feedback fra dem vi testede. <\/p>\n<\/div>\n\n\n\n<div class=\"wp-block-column is-layout-flow wp-container-core-column-is-layout-e3d1c41b wp-block-column-is-layout-flow\">\n<p class=\"has-text-align-left\"><strong>Resultater<\/strong><\/p>\n\n\n\n<p class=\"has-text-align-left\">Vi lavede et godt re-design til sidst, synes jeg selv. Og Mikkel som alligevel vil arbejde videre med det var rimelig tidfreds og det var hans chef vidst ogs\u00e5.  <\/p>\n\n\n\n<p>Kunne kommunikationen og arbejdes niveauet havde v\u00e6ret bedre, ja, det kunne det not godt. Men ud over det synes jeg det gik okay godt. <\/p>\n<\/div>\n\n\n\n<div class=\"wp-block-column is-layout-flow wp-container-core-column-is-layout-e3d1c41b wp-block-column-is-layout-flow\">\n<p class=\"has-text-align-left\"><strong>Aflevering<\/strong><\/p>\n\n\n\n<p class=\"has-text-align-left\">Da vi skulle aflevere var det lige p\u00e5 et h\u00e6ngende h\u00e5r at vi fik det gjort i tide. men det var en rar f\u00f8lelse af f\u00e5 det overst\u00e5et. <\/p>\n\n\n\n<p>Der var lidt panik over det da Mahmoud skulle acceptere afleveringen da han ikke havde v\u00e6ret tilstede gennem det meste af projektet. Men han svarede i tide \ud83d\ude42<\/p>\n<\/div>\n<\/div>\n<\/div>\n\n\n\n<div class=\"wp-block-group alignfull has-accent-4-background-color has-background has-global-padding is-layout-constrained wp-container-core-group-is-layout-490fa1db wp-block-group-is-layout-constrained\" style=\"padding-top:var(--wp--preset--spacing--50);padding-right:var(--wp--preset--spacing--50);padding-bottom:var(--wp--preset--spacing--50);padding-left:var(--wp--preset--spacing--50)\">\n<h2 class=\"wp-block-heading has-text-align-center\">Re-design resultater<\/h2>\n\n\n\n<div class=\"wp-block-group has-global-padding is-layout-constrained wp-container-core-group-is-layout-650790e1 wp-block-group-is-layout-constrained\">\n<hr class=\"wp-block-separator has-alpha-channel-opacity is-style-wide\" style=\"margin-top:var(--wp--preset--spacing--10);margin-bottom:var(--wp--preset--spacing--10)\"\/>\n\n\n\n<p>Her er det f\u00f8rste to sider som vi re-designede. Faciliteter og Praktisk Info. <\/p>\n<\/div>\n\n\n\n<figure class=\"wp-block-gallery has-nested-images columns-default is-cropped wp-block-gallery-1 is-layout-flex wp-block-gallery-is-layout-flex\">\n<figure class=\"wp-block-image size-large\"><img loading=\"lazy\" decoding=\"async\" width=\"375\" height=\"1024\" data-id=\"133\" src=\"https:\/\/proces.theresaeggersen.dk\/wp-content\/uploads\/2025\/12\/Faciliteter_1-375x1024.png\" alt=\"\" class=\"wp-image-133\" srcset=\"https:\/\/proces.theresaeggersen.dk\/wp-content\/uploads\/2025\/12\/Faciliteter_1-375x1024.png 375w, https:\/\/proces.theresaeggersen.dk\/wp-content\/uploads\/2025\/12\/Faciliteter_1-110x300.png 110w, https:\/\/proces.theresaeggersen.dk\/wp-content\/uploads\/2025\/12\/Faciliteter_1-768x2095.png 768w, https:\/\/proces.theresaeggersen.dk\/wp-content\/uploads\/2025\/12\/Faciliteter_1-563x1536.png 563w, https:\/\/proces.theresaeggersen.dk\/wp-content\/uploads\/2025\/12\/Faciliteter_1-751x2048.png 751w\" sizes=\"auto, (max-width: 375px) 100vw, 375px\" \/><\/figure>\n\n\n\n<figure class=\"wp-block-image size-large is-style-default\"><img loading=\"lazy\" decoding=\"async\" width=\"375\" height=\"1024\" data-id=\"134\" src=\"https:\/\/proces.theresaeggersen.dk\/wp-content\/uploads\/2025\/12\/Praktisk_Info-1-375x1024.png\" alt=\"\" class=\"wp-image-134\" srcset=\"https:\/\/proces.theresaeggersen.dk\/wp-content\/uploads\/2025\/12\/Praktisk_Info-1-375x1024.png 375w, https:\/\/proces.theresaeggersen.dk\/wp-content\/uploads\/2025\/12\/Praktisk_Info-1-110x300.png 110w, https:\/\/proces.theresaeggersen.dk\/wp-content\/uploads\/2025\/12\/Praktisk_Info-1-768x2095.png 768w, https:\/\/proces.theresaeggersen.dk\/wp-content\/uploads\/2025\/12\/Praktisk_Info-1-563x1536.png 563w, https:\/\/proces.theresaeggersen.dk\/wp-content\/uploads\/2025\/12\/Praktisk_Info-1-751x2048.png 751w\" sizes=\"auto, (max-width: 375px) 100vw, 375px\" \/><\/figure>\n<\/figure>\n\n\n\n<p>Dette er de andre to, en til privat og en til erhverv.  <\/p>\n\n\n\n<figure class=\"wp-block-gallery has-nested-images columns-default is-cropped wp-block-gallery-2 is-layout-flex wp-block-gallery-is-layout-flex\">\n<figure class=\"wp-block-image size-large\"><img loading=\"lazy\" decoding=\"async\" width=\"400\" height=\"1024\" data-id=\"135\" src=\"https:\/\/proces.theresaeggersen.dk\/wp-content\/uploads\/2025\/12\/B2B_Forside-400x1024.png\" alt=\"\" class=\"wp-image-135\" srcset=\"https:\/\/proces.theresaeggersen.dk\/wp-content\/uploads\/2025\/12\/B2B_Forside-400x1024.png 400w, https:\/\/proces.theresaeggersen.dk\/wp-content\/uploads\/2025\/12\/B2B_Forside-117x300.png 117w, https:\/\/proces.theresaeggersen.dk\/wp-content\/uploads\/2025\/12\/B2B_Forside-768x1967.png 768w, https:\/\/proces.theresaeggersen.dk\/wp-content\/uploads\/2025\/12\/B2B_Forside-600x1536.png 600w, https:\/\/proces.theresaeggersen.dk\/wp-content\/uploads\/2025\/12\/B2B_Forside-800x2048.png 800w, https:\/\/proces.theresaeggersen.dk\/wp-content\/uploads\/2025\/12\/B2B_Forside-scaled.png 1000w\" sizes=\"auto, (max-width: 400px) 100vw, 400px\" \/><\/figure>\n\n\n\n<figure class=\"wp-block-image size-large\"><img loading=\"lazy\" decoding=\"async\" width=\"375\" height=\"1024\" data-id=\"136\" src=\"https:\/\/proces.theresaeggersen.dk\/wp-content\/uploads\/2025\/12\/3_design-375x1024.png\" alt=\"\" class=\"wp-image-136\" srcset=\"https:\/\/proces.theresaeggersen.dk\/wp-content\/uploads\/2025\/12\/3_design-375x1024.png 375w, https:\/\/proces.theresaeggersen.dk\/wp-content\/uploads\/2025\/12\/3_design-110x300.png 110w, https:\/\/proces.theresaeggersen.dk\/wp-content\/uploads\/2025\/12\/3_design-768x2095.png 768w, https:\/\/proces.theresaeggersen.dk\/wp-content\/uploads\/2025\/12\/3_design-563x1536.png 563w, https:\/\/proces.theresaeggersen.dk\/wp-content\/uploads\/2025\/12\/3_design-751x2048.png 751w\" sizes=\"auto, (max-width: 375px) 100vw, 375px\" \/><\/figure>\n<\/figure>\n<\/div>\n\n\n\n<div class=\"wp-block-group alignfull has-background has-global-padding is-layout-constrained wp-container-core-group-is-layout-d89aad35 wp-block-group-is-layout-constrained\" style=\"background-color:#c8dcbe;margin-top:0;margin-bottom:0;padding-top:var(--wp--preset--spacing--50);padding-right:var(--wp--preset--spacing--50);padding-bottom:var(--wp--preset--spacing--50);padding-left:var(--wp--preset--spacing--50)\">\n<div class=\"wp-block-group alignwide has-global-padding is-layout-constrained wp-container-core-group-is-layout-19e250f3 wp-block-group-is-layout-constrained\">\n<div class=\"wp-block-group is-vertical is-content-justification-center is-layout-flex wp-container-core-group-is-layout-6329a8f3 wp-block-group-is-layout-flex\">\n<p class=\"has-text-align-center has-large-font-size\"><strong>Refleksion<\/strong><\/p>\n\n\n\n<p class=\"has-text-align-center\">Alt i alt var det f\u00f8rste projekt, et l\u00e6rings projekt for mig. <\/p>\n\n\n\n<p class=\"has-text-align-center\">Der var mange nye ting at v\u00e6re obs p\u00e5 og det var noget lidt andet end hvad man er vandt til.<\/p>\n\n\n\n<p>Der var positive og negative ting ved projektet. Jeg synes det gik okay, vi fik lavet en del p\u00e5 relativ kort tid, og vi arbejde okay sammen for at komme frem til en hjemmeside design vi var tilfredse med. <\/p>\n\n\n\n<p>Noget der nok kunne tages med til n\u00e6ste gang er bedre kommunikation. Det vil havde nok v\u00e6ret bedre vis opgaver var delt bedre ud og hvis valg var taget sammen. Dog vil jeg sige at tonen i gruppen var god og venlig og vi kom da i m\u00e5l til sidst. <\/p>\n<\/div>\n<\/div>\n<\/div>\n","protected":false},"excerpt":{"rendered":"<p>Re-design af en hjemmeside I projekt et skulle vi re-designe en hjemmeside. Min gruppe; Mikkel, Ingrid, Mahmoud og selgf\u00f8lgelig mig. Vi valgte hjemmesiden LSOK.dk hvilket st\u00e5r for: Lilleb\u00e6lt Sport og Kultur Projektets timeline Gennem dette projekt oplevede vi af der var meget nyt at l\u00e6rer Det var f\u00f8rste gang i vores studie af vi skulle [&hellip;]<\/p>\n","protected":false},"author":1,"featured_media":0,"parent":0,"menu_order":0,"comment_status":"closed","ping_status":"closed","template":"","meta":{"footnotes":""},"class_list":["post-20","page","type-page","status-publish","hentry"],"_links":{"self":[{"href":"https:\/\/proces.theresaeggersen.dk\/index.php\/wp-json\/wp\/v2\/pages\/20","targetHints":{"allow":["GET"]}}],"collection":[{"href":"https:\/\/proces.theresaeggersen.dk\/index.php\/wp-json\/wp\/v2\/pages"}],"about":[{"href":"https:\/\/proces.theresaeggersen.dk\/index.php\/wp-json\/wp\/v2\/types\/page"}],"author":[{"embeddable":true,"href":"https:\/\/proces.theresaeggersen.dk\/index.php\/wp-json\/wp\/v2\/users\/1"}],"replies":[{"embeddable":true,"href":"https:\/\/proces.theresaeggersen.dk\/index.php\/wp-json\/wp\/v2\/comments?post=20"}],"version-history":[{"count":2,"href":"https:\/\/proces.theresaeggersen.dk\/index.php\/wp-json\/wp\/v2\/pages\/20\/revisions"}],"predecessor-version":[{"id":139,"href":"https:\/\/proces.theresaeggersen.dk\/index.php\/wp-json\/wp\/v2\/pages\/20\/revisions\/139"}],"wp:attachment":[{"href":"https:\/\/proces.theresaeggersen.dk\/index.php\/wp-json\/wp\/v2\/media?parent=20"}],"curies":[{"name":"wp","href":"https:\/\/api.w.org\/{rel}","templated":true}]}}