{"id":288,"date":"2026-05-06T18:35:56","date_gmt":"2026-05-06T18:35:56","guid":{"rendered":"https:\/\/proces.theresaeggersen.dk\/?page_id=288"},"modified":"2026-05-06T18:47:06","modified_gmt":"2026-05-06T18:47:06","slug":"content-creation","status":"publish","type":"page","link":"https:\/\/proces.theresaeggersen.dk\/index.php\/content-creation\/","title":{"rendered":"Content Creation"},"content":{"rendered":"\n<div class=\"wp-block-group alignfull has-global-padding is-layout-constrained wp-container-core-group-is-layout-490fa1db wp-block-group-is-layout-constrained\" style=\"padding-top:var(--wp--preset--spacing--50);padding-right:var(--wp--preset--spacing--50);padding-bottom:var(--wp--preset--spacing--50);padding-left:var(--wp--preset--spacing--50)\">\n<div class=\"wp-block-group has-global-padding is-layout-constrained wp-container-core-group-is-layout-650790e1 wp-block-group-is-layout-constrained\">\n<h1 class=\"wp-block-heading has-text-align-center has-x-large-font-size\">Content creation <\/h1>\n\n\n\n<div style=\"height:1.25rem\" aria-hidden=\"true\" class=\"wp-block-spacer\"><\/div>\n\n\n\n<p class=\"has-text-align-center\">I denne workshop skulle vi lave content til sociale medier, specifikt TikTok og Instagram. Vi havde to rigtig dygtige kvinder forbi, som fortalte os om de to sociale medier og tendenserne p\u00e5 platformene. Vi arbejdede i grupper for at lave vores eget bud p\u00e5, hvordan content kunne se ud. <\/p>\n\n\n\n<p class=\"has-text-align-center\">Jeg var sammen med Esben og Josefine fra hold 1 \ud83d\ude42<\/p>\n\n\n\n<div style=\"height:1.25rem\" aria-hidden=\"true\" class=\"wp-block-spacer\"><\/div>\n<\/div>\n\n\n\n<figure class=\"wp-block-image alignwide size-full is-style-rounded is-style-rounded--1\"><img loading=\"lazy\" decoding=\"async\" width=\"1024\" height=\"576\" src=\"https:\/\/proces.theresaeggersen.dk\/wp-content\/uploads\/2026\/05\/20260422_092552-1024x768-1-edited.webp\" alt=\"\" class=\"wp-image-311\" srcset=\"https:\/\/proces.theresaeggersen.dk\/wp-content\/uploads\/2026\/05\/20260422_092552-1024x768-1-edited.webp 1024w, https:\/\/proces.theresaeggersen.dk\/wp-content\/uploads\/2026\/05\/20260422_092552-1024x768-1-edited-300x169.webp 300w, https:\/\/proces.theresaeggersen.dk\/wp-content\/uploads\/2026\/05\/20260422_092552-1024x768-1-edited-768x432.webp 768w\" sizes=\"auto, (max-width: 1024px) 100vw, 1024px\" \/><\/figure>\n<\/div>\n\n\n\n<div class=\"wp-block-group alignfull has-accent-4-background-color has-background has-global-padding is-layout-constrained wp-container-core-group-is-layout-d89aad35 wp-block-group-is-layout-constrained\" style=\"margin-top:0;margin-bottom:0;padding-top:var(--wp--preset--spacing--50);padding-right:var(--wp--preset--spacing--50);padding-bottom:var(--wp--preset--spacing--50);padding-left:var(--wp--preset--spacing--50)\">\n<div class=\"wp-block-group alignwide has-global-padding is-layout-constrained wp-container-core-group-is-layout-19e250f3 wp-block-group-is-layout-constrained\">\n<div class=\"wp-block-group is-vertical is-content-justification-center is-layout-flex wp-container-core-group-is-layout-6329a8f3 wp-block-group-is-layout-flex\">\n<h2 class=\"wp-block-heading has-text-align-center is-style-default\">Opgaven<\/h2>\n\n\n\n<p class=\"has-text-align-center\">Vi fik som opgave at lave content til tiktok og instagram og vi fandt meget hurtig ud af at der var forskel p\u00e5 de to platforme. <\/p>\n\n\n\n<p class=\"has-text-align-center\">TikTok blev pr\u00e6senteret som et flowmedie med fokus p\u00e5 hurtig, underholdende og autentisk kommunikation, mens Instagram i h\u00f8jere grad er pr\u00e6get af \u00e6stetik, livsstil og visuel storytelling. <\/p>\n\n\n\n<p class=\"has-text-align-center\">Form\u00e5let var at arbejde <strong>hands-on<\/strong> med at udvikle indhold til forskellige platforme med udgangspunkt i viden om forbrugeradf\u00e6rd og de enkelte mediers logik.<\/p>\n<\/div>\n\n\n\n<div style=\"height:var(--wp--preset--spacing--30)\" aria-hidden=\"true\" class=\"wp-block-spacer\"><\/div>\n\n\n\n<div style=\"height:var(--wp--preset--spacing--40)\" aria-hidden=\"true\" class=\"wp-block-spacer\"><\/div>\n\n\n\n<div class=\"wp-block-columns alignwide is-layout-flex wp-container-core-columns-is-layout-d1c656ed wp-block-columns-is-layout-flex\">\n<div class=\"wp-block-column is-layout-flow wp-block-column-is-layout-flow\" style=\"flex-basis:50%\">\n<figure class=\"wp-block-image size-full is-style-rounded is-style-rounded--2\"><img loading=\"lazy\" decoding=\"async\" width=\"688\" height=\"771\" src=\"https:\/\/proces.theresaeggersen.dk\/wp-content\/uploads\/2026\/05\/image_2026-04-26_115820463.png\" alt=\"\" class=\"wp-image-313\" srcset=\"https:\/\/proces.theresaeggersen.dk\/wp-content\/uploads\/2026\/05\/image_2026-04-26_115820463.png 688w, https:\/\/proces.theresaeggersen.dk\/wp-content\/uploads\/2026\/05\/image_2026-04-26_115820463-268x300.png 268w\" sizes=\"auto, (max-width: 688px) 100vw, 688px\" \/><\/figure>\n<\/div>\n\n\n\n<div class=\"wp-block-column is-vertically-aligned-center is-layout-flow wp-block-column-is-layout-flow\" style=\"flex-basis:40%\">\n<h3 class=\"wp-block-heading is-style-default\">Tiktok<\/h3>\n\n\n\n<p>Vi begyndte med at se n\u00e6rmere p\u00e5 forskellene mellem de to platforme og den m\u00e5de, brugerne opf\u00f8rer sig p\u00e5. P\u00e5 TikTok lagde vi is\u00e6r v\u00e6gt p\u00e5 indhold, der hurtigt fanger opm\u00e6rksomheden, er underholdende og let at relatere til, hvor de f\u00f8rste sekunder spiller en afg\u00f8rende rolle, f\u00e5 om folk reelt kigger p\u00e5 det eller scroller videre. Derfor udviklede vi en sketch med to personer, der taler om cafeteriet i IKEA og deres \u201call you can eat\u201d-koncept.<\/p>\n\n\n\n<p>Vi valgte bevidst at fokusere mere p\u00e5 autenticitet end p\u00e5 et poleret udtryk ved at forestille os, at videoen blev optaget p\u00e5 en lidt uformel og \u201camat\u00f8ragtig\u201d m\u00e5de, s\u00e5 den virker mere trov\u00e6rdig og genkendelig. Samtidig arbejdede vi med at bruge humor og en enkel fort\u00e6lling til at fastholde seerens opm\u00e6rksomhed, da Tiktok altid handler om at v\u00e6re hurtig og at sl\u00e5 hjernen fra.<\/p>\n<\/div>\n<\/div>\n\n\n\n<div class=\"wp-block-columns alignwide is-layout-flex wp-container-core-columns-is-layout-d1c656ed wp-block-columns-is-layout-flex\">\n<div class=\"wp-block-column is-vertically-aligned-center is-layout-flow wp-block-column-is-layout-flow\" style=\"flex-basis:40%\">\n<h3 class=\"wp-block-heading is-style-default\">Instagram<\/h3>\n\n\n\n<p>Til Instagram skiftede vi fokus til et mere \u00e6stetisk og livsstilspr\u00e6get udtryk. Her udviklede vi et opslag med madpakker og produkter, der passer ind i en \u201cclean girl\u201d-inspireret og organiseret hverdag. M\u00e5lgruppen blev justeret til m\u00f8dre, der \u00f8nsker at lave p\u00e6ne og overskuelige madpakker til deres b\u00f8rn.<\/p>\n\n\n\n<p>I dette tilf\u00e6lde lagde vi v\u00e6gt p\u00e5 visuel kvalitet, identitet og inspiration frem for hurtig underholdning. Vi t\u00e6nkte ogs\u00e5 over farver, opstilling og helhedsindtryk, s\u00e5 indholdet fremstod harmonisk og indbydende. Samtidig var det vigtigt, at opslaget kunne fungere som inspiration, som brugerne har lyst til at gemme eller vende tilbage til senere.<\/p>\n<\/div>\n\n\n\n<div class=\"wp-block-column is-layout-flow wp-block-column-is-layout-flow\" style=\"flex-basis:50%\">\n<figure class=\"wp-block-image size-full is-style-rounded is-style-rounded--3\"><img loading=\"lazy\" decoding=\"async\" width=\"724\" height=\"724\" src=\"https:\/\/proces.theresaeggersen.dk\/wp-content\/uploads\/2026\/05\/image_2026-04-26_115906064.png\" alt=\"\" class=\"wp-image-312\" srcset=\"https:\/\/proces.theresaeggersen.dk\/wp-content\/uploads\/2026\/05\/image_2026-04-26_115906064.png 724w, https:\/\/proces.theresaeggersen.dk\/wp-content\/uploads\/2026\/05\/image_2026-04-26_115906064-300x300.png 300w, https:\/\/proces.theresaeggersen.dk\/wp-content\/uploads\/2026\/05\/image_2026-04-26_115906064-150x150.png 150w\" sizes=\"auto, (max-width: 724px) 100vw, 724px\" \/><\/figure>\n<\/div>\n<\/div>\n<\/div>\n<\/div>\n\n\n\n<div class=\"wp-block-group alignfull has-background has-global-padding is-layout-constrained wp-container-core-group-is-layout-669513ed wp-block-group-is-layout-constrained\" style=\"background-color:#7e9873;margin-top:0;margin-bottom:0;padding-top:var(--wp--preset--spacing--50);padding-right:var(--wp--preset--spacing--50);padding-bottom:var(--wp--preset--spacing--50);padding-left:var(--wp--preset--spacing--50)\">\n<div class=\"wp-block-group is-vertical is-content-justification-center is-layout-flex wp-container-core-group-is-layout-52b864f0 wp-block-group-is-layout-flex\">\n<h2 class=\"wp-block-heading has-text-align-center is-style-default\">Resultat<\/h2>\n\n\n\n<div style=\"height:0px\" aria-hidden=\"true\" class=\"wp-block-spacer wp-container-content-4f2ccadb\"><\/div>\n\n\n\n<p>Resultatet blev to forskellige typer content til det samme brand:<\/p>\n\n\n\n<p class=\"has-text-align-left\"><\/p>\n\n\n\n<p class=\"has-text-align-left\"><strong>TikTok:<\/strong> En humoristisk og relaterbar sketch med fokus p\u00e5 underholdning, et st\u00e6rkt hook i starten og en genkendelig situation. Indholdet er uformelt og autentisk, s\u00e5 det passer til TikToks m\u00e5de at fungere p\u00e5 og den m\u00e5de, brugerne ser content p\u00e5.<\/p>\n\n\n\n<p class=\"has-text-align-left\"><\/p>\n\n\n\n<p class=\"has-text-align-left\"><strong>Instagram:<\/strong> Et mere stilrent og visuelt gennemf\u00f8rt opslag med fokus p\u00e5 \u00e6stetik, livsstil og inspiration. Indholdet er roligere og mere \u201cperfekt\u201d, hvilket passer bedre til platformens visuelle udtryk.<\/p>\n\n\n\n<p class=\"has-text-align-left\"><\/p>\n\n\n\n<p class=\"has-text-align-left\">Ved at arbejde med begge platforme blev det tydeligt for os, hvordan det samme budskab kan tilpasses og formes forskelligt alt efter mediet og m\u00e5lgruppen.<\/p>\n<\/div>\n<\/div>\n\n\n\n<div class=\"wp-block-group alignfull has-global-padding is-layout-constrained wp-container-core-group-is-layout-d89aad35 wp-block-group-is-layout-constrained\" style=\"margin-top:0;margin-bottom:0;padding-top:var(--wp--preset--spacing--50);padding-right:var(--wp--preset--spacing--50);padding-bottom:var(--wp--preset--spacing--50);padding-left:var(--wp--preset--spacing--50)\">\n<p class=\"has-text-align-center has-large-font-size\">Refleksion <\/p>\n\n\n\n<p>Workshoppen var okay. Jeg synes, det var fedt, at der kom nogle udefra og fortalte os om de to platforme og brugernes tendenser. Men til tider blev det lidt kedeligt, og der var l\u00e6ngere perioder, hvor man mest sad og ventede.<\/p>\n\n\n\n<p>Opgaverne var dog sp\u00e6ndende nok, og vi fik lov til at v\u00e6re kreative. Samtidig l\u00e6rte vi noget om brugerne p\u00e5 TikTok og Instagram, selvom jeg personligt ikke selv bruger de to platforme.<\/p>\n\n\n\n<p>Gruppearbejdet var hyggeligt, og det var fedt at f\u00e5 blandet de to klasser igen. Jeg synes dog ikke, at der n\u00f8dvendigvis er behov for en hel dag til workshoppen fremover. Alligevel var den relevant i forhold til forst\u00e5else af brugere, tendenser p\u00e5 sociale medier og selvf\u00f8lgelig content creation.<\/p>\n<\/div>\n","protected":false},"excerpt":{"rendered":"<p>Content creation I denne workshop skulle vi lave content til sociale medier, specifikt TikTok og Instagram. Vi havde to rigtig dygtige kvinder forbi, som fortalte os om de to sociale medier og tendenserne p\u00e5 platformene. Vi arbejdede i grupper for at lave vores eget bud p\u00e5, hvordan content kunne se ud. Jeg var sammen med [&hellip;]<\/p>\n","protected":false},"author":1,"featured_media":0,"parent":0,"menu_order":0,"comment_status":"closed","ping_status":"closed","template":"","meta":{"footnotes":""},"class_list":["post-288","page","type-page","status-publish","hentry"],"_links":{"self":[{"href":"https:\/\/proces.theresaeggersen.dk\/index.php\/wp-json\/wp\/v2\/pages\/288","targetHints":{"allow":["GET"]}}],"collection":[{"href":"https:\/\/proces.theresaeggersen.dk\/index.php\/wp-json\/wp\/v2\/pages"}],"about":[{"href":"https:\/\/proces.theresaeggersen.dk\/index.php\/wp-json\/wp\/v2\/types\/page"}],"author":[{"embeddable":true,"href":"https:\/\/proces.theresaeggersen.dk\/index.php\/wp-json\/wp\/v2\/users\/1"}],"replies":[{"embeddable":true,"href":"https:\/\/proces.theresaeggersen.dk\/index.php\/wp-json\/wp\/v2\/comments?post=288"}],"version-history":[{"count":3,"href":"https:\/\/proces.theresaeggersen.dk\/index.php\/wp-json\/wp\/v2\/pages\/288\/revisions"}],"predecessor-version":[{"id":327,"href":"https:\/\/proces.theresaeggersen.dk\/index.php\/wp-json\/wp\/v2\/pages\/288\/revisions\/327"}],"wp:attachment":[{"href":"https:\/\/proces.theresaeggersen.dk\/index.php\/wp-json\/wp\/v2\/media?parent=288"}],"curies":[{"name":"wp","href":"https:\/\/api.w.org\/{rel}","templated":true}]}}